{"id":8953,"date":"2023-07-28T12:53:22","date_gmt":"2023-07-28T10:53:22","guid":{"rendered":"https:\/\/olimpik.hr\/2020\/?page_id=8953"},"modified":"2025-04-06T13:17:10","modified_gmt":"2025-04-06T11:17:10","slug":"dvorana-sd-bosko-bozic-pepsi","status":"publish","type":"page","link":"https:\/\/olimpik.hr\/2020\/dvorana-sd-bosko-bozic-pepsi\/","title":{"rendered":"Dvorana SD Bo\u0161ko Bo\u017ei\u0107 Pepsi"},"content":{"rendered":"\t\t<div data-elementor-type=\"wp-page\" data-elementor-id=\"8953\" class=\"elementor elementor-8953\">\n\t\t\t\t\t\t<section class=\"elementor-section elementor-top-section elementor-element elementor-element-1b604ad elementor-section-boxed elementor-section-height-default elementor-section-height-default\" data-id=\"1b604ad\" data-element_type=\"section\" data-e-type=\"section\">\n\t\t\t\t\t\t<div class=\"elementor-container elementor-column-gap-extended\">\n\t\t\t\t\t<div class=\"elementor-column elementor-col-100 elementor-top-column elementor-element elementor-element-dfcd858 sc_inner_width_none sc_layouts_column_icons_position_left\" data-id=\"dfcd858\" data-element_type=\"column\" data-e-type=\"column\">\n\t\t\t<div class=\"elementor-widget-wrap elementor-element-populated\">\n\t\t\t\t\t\t<div class=\"elementor-element elementor-element-6b8898a elementor-widget elementor-widget-heading\" data-id=\"6b8898a\" data-element_type=\"widget\" data-e-type=\"widget\" data-widget_type=\"heading.default\">\n\t\t\t\t\t<h2 class=\"elementor-heading-title elementor-size-default\">Dvorana SD Bo\u0161ko Bo\u017ei\u0107 Pepsi<\/h2>\t\t\t\t<\/div>\n\t\t\t\t<div class=\"elementor-element elementor-element-3df8825 elementor-widget elementor-widget-heading\" data-id=\"3df8825\" data-element_type=\"widget\" data-e-type=\"widget\" data-widget_type=\"heading.default\">\n\t\t\t\t\t<h5 class=\"elementor-heading-title elementor-size-default\">Trnsko 25A<\/h5>\t\t\t\t<\/div>\n\t\t\t\t<div class=\"elementor-element elementor-element-e6fce3e elementor-widget elementor-widget-heading\" data-id=\"e6fce3e\" data-element_type=\"widget\" data-e-type=\"widget\" data-widget_type=\"heading.default\">\n\t\t\t\t\t<h5 class=\"elementor-heading-title elementor-size-default\">Termini treninga: ponedjeljak, srijeda i petak 15:30-16:30<\/h5>\t\t\t\t<\/div>\n\t\t\t\t<div class=\"elementor-element elementor-element-47ae3d9 elementor-widget elementor-widget-text-editor\" data-id=\"47ae3d9\" data-element_type=\"widget\" data-e-type=\"widget\" data-widget_type=\"text-editor.default\">\n\t\t\t\t\t\t\t\t\t<p>Ovdje\u00a0mo\u017eete ispunit Online predbilje\u017eba za \u0161kolu odbojke<\/p><p>(<strong>VA\u017dNO<\/strong>: Va\u0161a Online predbilje\u017eba za \u0161kolu odbojke nije Upisnica)<\/p><p>Mjese\u010dna \u010dlanarina: <strong>60 eura<\/strong> &#8211; svaki \u010dlan na po\u010detku sezone (do kraja 11.mjeseca) dobiva na poklon 3 x kom t-shirt majice za trening i 1 x kom OK Olimpik hudicu*.<\/p><p><span style=\"color: #ff0000;\"><em>Isklju\u010divo novi \u010dlanovi koji se upi\u0161u u OK Olimpik do kraja listopada dobit \u0107e na kori\u0161tenje 3 x kom t-shirt (majice za trening) i 1 x kom hudicu. <\/em><em>\u010clanovi koji se upi\u0161u nakon listopada na\u017ealost ne dobivaju na kori\u0161tenje 3 x kom t-shirt (majice za trening) i 1 x kom hudicu. Navedene artikle mogu kupiti po nabavnim cijenama.<\/em><\/span><\/p><p>Sve ostale informacije mo\u017eete dobiti isklju\u010divo putem e-maila na:\u00a0<em>upisi@olimpik.hr<\/em><\/p>\t\t\t\t\t\t\t\t<\/div>\n\t\t\t\t<div class=\"elementor-element elementor-element-0dd1863 elementor-widget elementor-widget-shortcode\" data-id=\"0dd1863\" data-element_type=\"widget\" data-e-type=\"widget\" data-widget_type=\"shortcode.default\">\n\t\t\t\t\t\t\t<div class=\"elementor-shortcode\"><div class=\"wpforms-container wpforms-container-full\" id=\"wpforms-8952\"><form id=\"wpforms-form-8952\" class=\"wpforms-validate wpforms-form wpforms-ajax-form\" data-formid=\"8952\" method=\"post\" enctype=\"multipart\/form-data\" action=\"\/2020\/wp-json\/wp\/v2\/pages\/8953\" data-token=\"1cfea1b718232f67abb144e8beb9b811\" data-token-time=\"1775257040\"><noscript class=\"wpforms-error-noscript\">Please enable JavaScript in your browser to complete this form.<\/noscript><div class=\"wpforms-field-container\"><div id=\"wpforms-8952-field_11-container\" class=\"wpforms-field wpforms-field-name\" data-field-id=\"11\"><label class=\"wpforms-field-label\" for=\"wpforms-8952-field_11\">PREDBILJE\u017dBA: Ime i prezime djevoj\u010dice <span class=\"wpforms-required-label\">*<\/span><\/label><div class=\"wpforms-field-row wpforms-field-large\"><div class=\"wpforms-field-row-block wpforms-first wpforms-one-half\"><input type=\"text\" id=\"wpforms-8952-field_11\" class=\"wpforms-field-name-first wpforms-field-required\" name=\"wpforms[fields][11][first]\" placeholder=\"Ime\" required><label for=\"wpforms-8952-field_11\" class=\"wpforms-field-sublabel after wpforms-sublabel-hide\">First<\/label><\/div><div class=\"wpforms-field-row-block wpforms-one-half\"><input type=\"text\" id=\"wpforms-8952-field_11-last\" class=\"wpforms-field-name-last wpforms-field-required\" name=\"wpforms[fields][11][last]\" placeholder=\"Prezime\" required><label for=\"wpforms-8952-field_11-last\" class=\"wpforms-field-sublabel after wpforms-sublabel-hide\">Last<\/label><\/div><\/div><\/div><div id=\"wpforms-8952-field_3-container\" class=\"wpforms-field wpforms-field-select wpforms-one-half wpforms-first wpforms-field-select-style-modern\" data-field-id=\"3\"><label class=\"wpforms-field-label\" for=\"wpforms-8952-field_3\">Godina ro\u0111enja djevoj\u010dice <span class=\"wpforms-required-label\">*<\/span><\/label><select id=\"wpforms-8952-field_3\" class=\"wpforms-field-medium wpforms-field-required choicesjs-select\" data-size-class=\"wpforms-field-row wpforms-field-medium\" data-search-enabled=\"\" name=\"wpforms[fields][3]\" required=\"required\"><option value=\"\" class=\"placeholder\" disabled  selected='selected'>Odaberite<\/option><option value=\"ne upisujemo\"  class=\"choice-7 depth-1\"  >ne upisujemo<\/option><\/select><\/div><div id=\"wpforms-8952-field_12-container\" class=\"wpforms-field wpforms-field-select wpforms-one-half wpforms-field-select-style-modern\" data-field-id=\"12\"><label class=\"wpforms-field-label\" for=\"wpforms-8952-field_12\">Je li sestra ve\u0107 trenira u OK Olimpik? <span class=\"wpforms-required-label\">*<\/span><\/label><select id=\"wpforms-8952-field_12\" class=\"wpforms-field-medium wpforms-field-required choicesjs-select\" data-size-class=\"wpforms-field-row wpforms-field-medium\" data-search-enabled=\"\" name=\"wpforms[fields][12]\" required=\"required\"><option value=\"\" class=\"placeholder\" disabled >Odaberite<\/option><option value=\"Ne\"  selected='selected' class=\"choice-1 depth-1\"  >Ne<\/option><option value=\"Da, starija sestra\"  class=\"choice-2 depth-1\"  >Da, starija sestra<\/option><option value=\"Da, mla\u0111a sestra\"  class=\"choice-3 depth-1\"  >Da, mla\u0111a sestra<\/option><\/select><\/div><div id=\"wpforms-8952-field_5-container\" class=\"wpforms-field wpforms-field-select wpforms-field-select-style-modern\" data-field-id=\"5\"><label class=\"wpforms-field-label\" for=\"wpforms-8952-field_5\">Ima li odbojka\u0161ko iskustvo? <span class=\"wpforms-required-label\">*<\/span><\/label><select id=\"wpforms-8952-field_5\" class=\"wpforms-field-large wpforms-field-required choicesjs-select\" data-size-class=\"wpforms-field-row wpforms-field-large\" data-search-enabled=\"\" name=\"wpforms[fields][5]\" required=\"required\"><option value=\"\" class=\"placeholder\" disabled  selected='selected'>Odaberite<\/option><option value=\"Ima\"  class=\"choice-1 depth-1\"  >Ima<\/option><option value=\"Nema\"  class=\"choice-2 depth-1\"  >Nema<\/option><option value=\"Drugo\"  class=\"choice-3 depth-1\"  >Drugo<\/option><\/select><\/div><div id=\"wpforms-8952-field_1-container\" class=\"wpforms-field wpforms-field-email\" data-field-id=\"1\"><label class=\"wpforms-field-label\" for=\"wpforms-8952-field_1\">Email roditelja <span class=\"wpforms-required-label\">*<\/span><\/label><input type=\"email\" id=\"wpforms-8952-field_1\" class=\"wpforms-field-large wpforms-field-required\" name=\"wpforms[fields][1]\" spellcheck=\"false\" required><\/div><div id=\"wpforms-8952-field_8-container\" class=\"wpforms-field wpforms-field-text\" data-field-id=\"8\"><label class=\"wpforms-field-label\" for=\"wpforms-8952-field_8\">Kontakt broj mobitela roditelja <span class=\"wpforms-required-label\">*<\/span><\/label><input type=\"text\" id=\"wpforms-8952-field_8\" class=\"wpforms-field-large wpforms-field-required\" name=\"wpforms[fields][8]\" required><\/div><div id=\"wpforms-8952-field_15-container\" class=\"wpforms-field wpforms-field-text\" data-field-id=\"15\"><label class=\"wpforms-field-label\" for=\"wpforms-8952-field_15\">Naziv O\u0160 koju djevoj\u010dica poha\u0111a <span class=\"wpforms-required-label\">*<\/span><\/label><input type=\"text\" id=\"wpforms-8952-field_15\" class=\"wpforms-field-large wpforms-field-required\" name=\"wpforms[fields][15]\" required><\/div><div id=\"wpforms-8952-field_2-container\" class=\"wpforms-field wpforms-field-textarea\" data-field-id=\"2\"><label class=\"wpforms-field-label\" for=\"wpforms-8952-field_2\">Napomena (alergije, lijekovi, itd) <span class=\"wpforms-required-label\">*<\/span><\/label><textarea id=\"wpforms-8952-field_2\" class=\"wpforms-field-medium wpforms-field-required\" name=\"wpforms[fields][2]\" required><\/textarea><\/div><div id=\"wpforms-8952-field_9-container\" class=\"wpforms-field wpforms-field-checkbox\" data-field-id=\"9\"><label class=\"wpforms-field-label\">GDPR <span class=\"wpforms-required-label\">*<\/span><\/label><ul id=\"wpforms-8952-field_9\" class=\"wpforms-field-required\"><li class=\"choice-1 depth-1\"><input type=\"checkbox\" id=\"wpforms-8952-field_9_1\" name=\"wpforms[fields][9][]\" value=\"Prihva\u0107am op\u0107e uvjete i politiku privatnosti OK Olimpik.\" required ><label class=\"wpforms-field-label-inline\" for=\"wpforms-8952-field_9_1\">Prihva\u0107am op\u0107e uvjete i politiku privatnosti OK Olimpik.<\/label><\/li><\/ul><div class=\"wpforms-field-description\">OK Olimpik \u0107e s Va\u0161im osobnim podacima postupati sukladno Op\u0107oj uredbi o za\u0161titi podataka (GDPR). OK Olimpik \u0161titi privatnost svojih korisnika i posjetitelja web stranica, \u010duva povjerljivost Va\u0161ih osobnih podataka te omogu\u0107ava pristup i priop\u0107avanje osobnih podataka samo onim svojim zaposlenicima kojima su isti potrebni radi provedbe njihovih poslovnih aktivnosti. *<\/div><\/div><\/div><!-- .wpforms-field-container --><div class=\"wpforms-submit-container\" ><input type=\"hidden\" name=\"wpforms[id]\" value=\"8952\"><input type=\"hidden\" name=\"page_title\" value=\"\"><input type=\"hidden\" name=\"page_url\" value=\"https:\/\/olimpik.hr\/2020\/wp-json\/wp\/v2\/pages\/8953\"><input type=\"hidden\" name=\"url_referer\" value=\"\"><button type=\"submit\" name=\"wpforms[submit]\" id=\"wpforms-submit-8952\" class=\"wpforms-submit buttontypesubmit\" data-alt-text=\"\u0160aljem...\" data-submit-text=\"Po\u0161alji\" aria-live=\"assertive\" value=\"wpforms-submit\">Po\u0161alji<\/button><img decoding=\"async\" src=\"https:\/\/olimpik.hr\/2020\/wp-content\/plugins\/wpforms-lite\/assets\/images\/submit-spin.svg\" class=\"wpforms-submit-spinner\" style=\"display: none;\" width=\"26\" height=\"26\" alt=\"Loading\"><\/div><\/form><\/div>  <!-- .wpforms-container --><\/div>\n\t\t\t\t\t\t<\/div>\n\t\t\t\t\t<\/div>\n\t\t<\/div>\n\t\t\t\t\t<\/div>\n\t\t<\/section>\n\t\t\t\t<\/div>\n\t\t","protected":false},"excerpt":{"rendered":"<p>Dvorana SD Bo\u0161ko Bo\u017ei\u0107 Pepsi Trnsko 25A Termini treninga: ponedjeljak, srijeda i petak 15:30-16:30 Ovdje\u00a0mo\u017eete ispunit Online predbilje\u017eba za \u0161kolu odbojke (VA\u017dNO: Va\u0161a Online predbilje\u017eba za \u0161kolu odbojke nije Upisnica) Mjese\u010dna \u010dlanarina: 60 eura &#8211; svaki \u010dlan na po\u010detku&hellip;<\/p>\n","protected":false},"author":1,"featured_media":0,"parent":0,"menu_order":0,"comment_status":"closed","ping_status":"closed","template":"","meta":{"_acf_changed":false,"inline_featured_image":false,"footnotes":""},"class_list":["post-8953","page","type-page","status-publish","hentry"],"acf":[],"_links":{"self":[{"href":"https:\/\/olimpik.hr\/2020\/wp-json\/wp\/v2\/pages\/8953","targetHints":{"allow":["GET"]}}],"collection":[{"href":"https:\/\/olimpik.hr\/2020\/wp-json\/wp\/v2\/pages"}],"about":[{"href":"https:\/\/olimpik.hr\/2020\/wp-json\/wp\/v2\/types\/page"}],"author":[{"embeddable":true,"href":"https:\/\/olimpik.hr\/2020\/wp-json\/wp\/v2\/users\/1"}],"replies":[{"embeddable":true,"href":"https:\/\/olimpik.hr\/2020\/wp-json\/wp\/v2\/comments?post=8953"}],"version-history":[{"count":22,"href":"https:\/\/olimpik.hr\/2020\/wp-json\/wp\/v2\/pages\/8953\/revisions"}],"predecessor-version":[{"id":10492,"href":"https:\/\/olimpik.hr\/2020\/wp-json\/wp\/v2\/pages\/8953\/revisions\/10492"}],"wp:attachment":[{"href":"https:\/\/olimpik.hr\/2020\/wp-json\/wp\/v2\/media?parent=8953"}],"curies":[{"name":"wp","href":"https:\/\/api.w.org\/{rel}","templated":true}]}}