{"id":3742,"date":"2020-12-03T16:04:33","date_gmt":"2020-12-03T15:04:33","guid":{"rendered":"https:\/\/olimpik.hr\/2020\/?page_id=3742"},"modified":"2026-02-09T18:47:56","modified_gmt":"2026-02-09T17:47:56","slug":"seniorke","status":"publish","type":"page","link":"https:\/\/olimpik.hr\/2020\/seniorke\/","title":{"rendered":"Seniorke"},"content":{"rendered":"\t\t<div data-elementor-type=\"wp-page\" data-elementor-id=\"3742\" class=\"elementor elementor-3742\">\n\t\t\t\t\t\t<section class=\"elementor-section elementor-top-section elementor-element elementor-element-44bbcfd elementor-section-full_width elementor-section-content-top elementor-section-stretched sc_push_y_large_negative elementor-section-height-default elementor-section-height-default\" data-id=\"44bbcfd\" data-element_type=\"section\" data-e-type=\"section\" data-settings=\"{&quot;stretch_section&quot;:&quot;section-stretched&quot;,&quot;background_background&quot;:&quot;classic&quot;}\">\n\t\t\t\t\t\t<div class=\"elementor-container elementor-column-gap-no\">\n\t\t\t\t\t<div class=\"elementor-column elementor-col-100 elementor-top-column elementor-element elementor-element-12ae483 sc-mobile_inner_width_1_1 sc_inner_width_none sc_layouts_column_icons_position_left\" data-id=\"12ae483\" data-element_type=\"column\" data-e-type=\"column\">\n\t\t\t<div class=\"elementor-widget-wrap elementor-element-populated\">\n\t\t\t\t\t\t<div class=\"elementor-element elementor-element-319bde1 elementor-widget elementor-widget-spacer\" data-id=\"319bde1\" data-element_type=\"widget\" data-e-type=\"widget\" data-widget_type=\"spacer.default\">\n\t\t\t\t\t\t\t<div class=\"elementor-spacer\">\n\t\t\t<div class=\"elementor-spacer-inner\"><\/div>\n\t\t<\/div>\n\t\t\t\t\t\t<\/div>\n\t\t\t\t\t<\/div>\n\t\t<\/div>\n\t\t\t\t\t<\/div>\n\t\t<\/section>\n\t\t\t\t<section class=\"elementor-section elementor-top-section elementor-element elementor-element-8bc6b0b sc_shift_y_large_negative elementor-section-boxed elementor-section-height-default elementor-section-height-default\" data-id=\"8bc6b0b\" data-element_type=\"section\" data-e-type=\"section\">\n\t\t\t\t\t\t<div class=\"elementor-container elementor-column-gap-extended\">\n\t\t\t\t\t<div class=\"elementor-column elementor-col-100 elementor-top-column elementor-element elementor-element-aed69b4 sc-mobile_inner_width_1_1 sc_inner_width_none sc_layouts_column_icons_position_left\" data-id=\"aed69b4\" data-element_type=\"column\" data-e-type=\"column\">\n\t\t\t<div class=\"elementor-widget-wrap elementor-element-populated\">\n\t\t\t\t\t\t<div class=\"elementor-element elementor-element-996700a elementor-widget elementor-widget-spacer\" data-id=\"996700a\" data-element_type=\"widget\" data-e-type=\"widget\" data-widget_type=\"spacer.default\">\n\t\t\t\t\t\t\t<div class=\"elementor-spacer\">\n\t\t\t<div class=\"elementor-spacer-inner\"><\/div>\n\t\t<\/div>\n\t\t\t\t\t\t<\/div>\n\t\t\t\t<div class=\"elementor-element elementor-element-471bdef elementor-widget elementor-widget-text-editor\" data-id=\"471bdef\" data-element_type=\"widget\" data-e-type=\"widget\" data-widget_type=\"text-editor.default\">\n\t\t\t\t\t\t\t\t\t<h1 data-start=\"50\" data-end=\"81\">Dragi roditelji na\u0161ih Amazonki, drage Amazonke,<\/h1><h1 data-start=\"83\" data-end=\"429\">put koji prolazimo zajedno nije uvijek lagan, ali je vrijedan svake kapljice znoja, svakog ranog ustajanja i svake minute provedene u dvorani. OK Olimpik je poseban klub \u2013 jedan od rijetkih u kojem prvu seniorsku ekipu \u010dine <strong data-start=\"307\" data-end=\"330\">uglavnom na\u0161a djeca<\/strong>, djevojke koje su ovdje napravile svoje prve odbojka\u0161ke korake, rasle, padale i ponovno se dizale.<\/h1><h1 data-start=\"431\" data-end=\"619\">Zato vas pozivamo da ostanemo <strong data-start=\"461\" data-end=\"507\">svi zajedno \u2013 uporni, strpljivi i povezani<\/strong>. Jer snaga ovog kluba nikada nije bila samo u rezultatu, nego u zajedni\u0161tvu, povjerenju i vjeri u vlastiti put.<\/h1><h1 data-start=\"621\" data-end=\"959\">Ulazak u prvu seniorsku ekipu nije samo sportski korak \u2013 to je trenutak u kojem djevojka postaje <strong data-start=\"718\" data-end=\"748\">prava Amazonka OK Olimpika<\/strong>. To je nagrada za godine rada, discipline i ljubavi prema klubu. Na\u0161e seniorke ove sezone hrabro nastupaju u <strong data-start=\"858\" data-end=\"894\">Prvoj hrvatskoj odbojka\u0161koj ligi<\/strong>, predstavljaju\u0107i sve ono \u0161to Olimpik jest: rad, karakter i srce.<\/h1><h1 data-start=\"961\" data-end=\"1168\">Hvala vam \u0161to ste dio ove pri\u010de. Hvala vam \u0161to vjerujete, bodrite i stojite uz na\u0161e djevojke \u2013 i kad pobje\u0111uju i kad u\u010de kroz poraze. Zajedno gradimo ne\u0161to ve\u0107e od jedne sezone. Zajedno stvaramo Amazonke. \ud83d\udc9b<\/h1><h1 data-start=\"1170\" data-end=\"1183\">OK Olimpik \ud83d\udc9b<\/h1>\t\t\t\t\t\t\t\t<\/div>\n\t\t\t\t\t<\/div>\n\t\t<\/div>\n\t\t\t\t\t<\/div>\n\t\t<\/section>\n\t\t\t\t<section class=\"elementor-section elementor-top-section elementor-element elementor-element-6d68c03 sc_shift_y_large_negative elementor-section-boxed elementor-section-height-default elementor-section-height-default\" data-id=\"6d68c03\" data-element_type=\"section\" data-e-type=\"section\">\n\t\t\t\t\t\t<div class=\"elementor-container elementor-column-gap-no\">\n\t\t\t\t\t<div class=\"elementor-column elementor-col-100 elementor-top-column elementor-element elementor-element-7cdb34f sc_inner_width_1_1 sc-mobile_inner_width_1_1 sc_layouts_column_icons_position_left\" data-id=\"7cdb34f\" data-element_type=\"column\" data-e-type=\"column\">\n\t\t\t<div class=\"elementor-widget-wrap elementor-element-populated\">\n\t\t\t\t\t\t<div class=\"elementor-element elementor-element-fc7eb8c elementor-widget elementor-widget-spacer\" data-id=\"fc7eb8c\" data-element_type=\"widget\" data-e-type=\"widget\" data-widget_type=\"spacer.default\">\n\t\t\t\t\t\t\t<div class=\"elementor-spacer\">\n\t\t\t<div class=\"elementor-spacer-inner\"><\/div>\n\t\t<\/div>\n\t\t\t\t\t\t<\/div>\n\t\t\t\t<div class=\"elementor-element elementor-element-22c0299 elementor-widget elementor-widget-spacer\" data-id=\"22c0299\" data-element_type=\"widget\" data-e-type=\"widget\" data-widget_type=\"spacer.default\">\n\t\t\t\t\t\t\t<div class=\"elementor-spacer\">\n\t\t\t<div class=\"elementor-spacer-inner\"><\/div>\n\t\t<\/div>\n\t\t\t\t\t\t<\/div>\n\t\t\t\t\t<\/div>\n\t\t<\/div>\n\t\t\t\t\t<\/div>\n\t\t<\/section>\n\t\t\t\t<section class=\"elementor-section elementor-top-section elementor-element elementor-element-345ef0a sc_shift_y_large_negative elementor-section-boxed elementor-section-height-default elementor-section-height-default\" data-id=\"345ef0a\" data-element_type=\"section\" data-e-type=\"section\">\n\t\t\t\t\t\t<div class=\"elementor-container elementor-column-gap-extended\">\n\t\t\t\t\t<div class=\"elementor-column elementor-col-100 elementor-top-column elementor-element elementor-element-8aa9a6f sc_inner_width_3_4 sc-mobile_inner_width_1_1 sc_layouts_column_icons_position_left\" data-id=\"8aa9a6f\" data-element_type=\"column\" data-e-type=\"column\">\n\t\t\t<div class=\"elementor-widget-wrap elementor-element-populated\">\n\t\t\t\t\t\t<div class=\"elementor-element elementor-element-0168234 elementor-widget elementor-widget-spacer\" data-id=\"0168234\" data-element_type=\"widget\" data-e-type=\"widget\" data-widget_type=\"spacer.default\">\n\t\t\t\t\t\t\t<div class=\"elementor-spacer\">\n\t\t\t<div class=\"elementor-spacer-inner\"><\/div>\n\t\t<\/div>\n\t\t\t\t\t\t<\/div>\n\t\t\t\t\t<\/div>\n\t\t<\/div>\n\t\t\t\t\t<\/div>\n\t\t<\/section>\n\t\t\t\t<section class=\"elementor-section elementor-top-section elementor-element elementor-element-afeea4c sc_shift_y_large_negative elementor-section-boxed elementor-section-height-default elementor-section-height-default\" data-id=\"afeea4c\" data-element_type=\"section\" data-e-type=\"section\">\n\t\t\t\t\t\t<div class=\"elementor-container elementor-column-gap-extended\">\n\t\t\t\t\t<div class=\"elementor-column elementor-col-100 elementor-top-column elementor-element elementor-element-15b4f25 sc_inner_width_3_4 sc_layouts_column sc_layouts_column_align_right sc_layouts_column_icons_position_left\" data-id=\"15b4f25\" data-element_type=\"column\" data-e-type=\"column\">\n\t\t\t<div class=\"elementor-widget-wrap\">\n\t\t\t\t\t\t\t<\/div>\n\t\t<\/div>\n\t\t\t\t\t<\/div>\n\t\t<\/section>\n\t\t\t\t<section class=\"elementor-section elementor-top-section elementor-element elementor-element-ea9c545 sc_shift_y_large_negative elementor-section-boxed elementor-section-height-default elementor-section-height-default\" data-id=\"ea9c545\" data-element_type=\"section\" data-e-type=\"section\">\n\t\t\t\t\t\t<div class=\"elementor-container elementor-column-gap-extended\">\n\t\t\t\t\t<div class=\"elementor-column elementor-col-100 elementor-top-column elementor-element elementor-element-559fae5 sc_inner_width_1_3 sc_layouts_column_icons_position_left\" data-id=\"559fae5\" data-element_type=\"column\" data-e-type=\"column\">\n\t\t\t<div class=\"elementor-widget-wrap elementor-element-populated\">\n\t\t\t\t\t\t<div class=\"elementor-element elementor-element-c2b1640 elementor-widget elementor-widget-spacer\" data-id=\"c2b1640\" data-element_type=\"widget\" data-e-type=\"widget\" data-widget_type=\"spacer.default\">\n\t\t\t\t\t\t\t<div class=\"elementor-spacer\">\n\t\t\t<div class=\"elementor-spacer-inner\"><\/div>\n\t\t<\/div>\n\t\t\t\t\t\t<\/div>\n\t\t\t\t\t<\/div>\n\t\t<\/div>\n\t\t\t\t\t<\/div>\n\t\t<\/section>\n\t\t\t\t<\/div>\n\t\t","protected":false},"excerpt":{"rendered":"<p>Dragi roditelji na\u0161ih Amazonki, drage Amazonke, put koji prolazimo zajedno nije uvijek lagan, ali je vrijedan svake kapljice znoja, svakog ranog ustajanja i svake minute provedene u dvorani. OK Olimpik je poseban klub \u2013 jedan od rijetkih u kojem&hellip;<\/p>\n","protected":false},"author":1,"featured_media":0,"parent":0,"menu_order":0,"comment_status":"closed","ping_status":"closed","template":"","meta":{"_acf_changed":false,"inline_featured_image":false,"footnotes":""},"class_list":["post-3742","page","type-page","status-publish","hentry"],"acf":[],"_links":{"self":[{"href":"https:\/\/olimpik.hr\/2020\/wp-json\/wp\/v2\/pages\/3742","targetHints":{"allow":["GET"]}}],"collection":[{"href":"https:\/\/olimpik.hr\/2020\/wp-json\/wp\/v2\/pages"}],"about":[{"href":"https:\/\/olimpik.hr\/2020\/wp-json\/wp\/v2\/types\/page"}],"author":[{"embeddable":true,"href":"https:\/\/olimpik.hr\/2020\/wp-json\/wp\/v2\/users\/1"}],"replies":[{"embeddable":true,"href":"https:\/\/olimpik.hr\/2020\/wp-json\/wp\/v2\/comments?post=3742"}],"version-history":[{"count":90,"href":"https:\/\/olimpik.hr\/2020\/wp-json\/wp\/v2\/pages\/3742\/revisions"}],"predecessor-version":[{"id":10971,"href":"https:\/\/olimpik.hr\/2020\/wp-json\/wp\/v2\/pages\/3742\/revisions\/10971"}],"wp:attachment":[{"href":"https:\/\/olimpik.hr\/2020\/wp-json\/wp\/v2\/media?parent=3742"}],"curies":[{"name":"wp","href":"https:\/\/api.w.org\/{rel}","templated":true}]}}